{"id":120,"date":"2020-10-27T21:51:28","date_gmt":"2020-10-27T21:51:28","guid":{"rendered":"http:\/\/www.m2comunicaciones.cl\/?page_id=120"},"modified":"2022-08-02T22:07:59","modified_gmt":"2022-08-02T22:07:59","slug":"miguel","status":"publish","type":"page","link":"https:\/\/www.m2comunicaciones.cl\/index.php\/m2\/miguel\/","title":{"rendered":"Miguel Angel Mart\u00ednez"},"content":{"rendered":"<p>[vc_row css_animation=\u00bb\u00bb row_type=\u00bbrow\u00bb use_row_as_full_screen_section=\u00bbno\u00bb type=\u00bbgrid\u00bb angled_section=\u00bbno\u00bb text_align=\u00bbleft\u00bb background_image_as_pattern=\u00bbwithout_pattern\u00bb z_index=\u00bb\u00bb css=\u00bb.vc_custom_1603834821871{background-color: #ffffff !important;}\u00bb][vc_column width=\u00bb1\/2&#8243; offset=\u00bbvc_hidden-xs\u00bb][vc_empty_space height=\u00bb170px\u00bb][vc_single_image image=\u00bb212&#8243; img_size=\u00bb400&#215;500&#8243; qode_css_animation=\u00bb\u00bb][vc_empty_space height=\u00bb100px\u00bb][\/vc_column][vc_column width=\u00bb1\/2&#8243; offset=\u00bbvc_hidden-xs\u00bb][vc_empty_space height=\u00bb230px\u00bb][vc_column_text]<strong>Miguel Angel Mart\u00ednez<\/strong><\/p>\n<div>\n<div><span lang=\"EN-US\">Senior Advisor Asuntos Regulatorios<\/span><\/div>\n<\/div>\n<p>&nbsp;<\/p>\n<div>\n<p>Abogado de la UBA (Universidad Nacional de Buenos Aires). Master en Comunicaci\u00f3n Institucional de la PUSC (Pontificia Universit\u00e0 della Santa Croce, Roma, Italia). Socio, director y fundador de la Consultora en Comunicaci\u00f3n y Asuntos P\u00fablicos Infomedia Consulting, con m\u00e1s de 15 a\u00f1os de historia, cientos de clientes atendidos en este tiempo: empresas multinacionales y nacionales de todos los sectores de actividad. Experto en estrategia y negociaci\u00f3n empresaria y pol\u00edtica.<\/p>\n<p>Presidente del Directorio de Urbanizaciones Rurales S.A. Profesor en el MBA de la UTDT (Universidad Torcuato Di Tella) de la materia \u201cCrisis Management y Media Relations\u201d. Prestador de Servicios Docentes en la UNLA (Universidad Nacional de Lan\u00fas) en el Departamento de Desarrollo Productivo,<\/p>\n<p>Doctorado en Comunicaci\u00f3n Institucional de la PUSC (Pontificia Universit\u00e0 della Santa Croce, Roma, Italia) (2020).<\/p>\n<\/div>\n<p>&nbsp;<\/p>\n<p class=\"Poromisin\"><a href=\"https:\/\/www.m2comunicaciones.cl\/#somos\">VOLVER<\/a><\/p>\n<p>[\/vc_column_text][vc_empty_space height=\u00bb30px\u00bb][\/vc_column][\/vc_row][vc_row css_animation=\u00bb\u00bb row_type=\u00bbrow\u00bb use_row_as_full_screen_section=\u00bbno\u00bb type=\u00bbgrid\u00bb angled_section=\u00bbno\u00bb text_align=\u00bbleft\u00bb background_image_as_pattern=\u00bbwithout_pattern\u00bb z_index=\u00bb\u00bb css=\u00bb.vc_custom_1603834821871{background-color: #ffffff !important;}\u00bb][vc_column width=\u00bb1\/2&#8243; offset=\u00bbvc_hidden-lg vc_hidden-md vc_hidden-sm\u00bb][vc_single_image image=\u00bb85&#8243; img_size=\u00bb400&#215;500&#8243; qode_css_animation=\u00bb\u00bb][vc_empty_space height=\u00bb50px\u00bb][\/vc_column][vc_column width=\u00bb1\/2&#8243; offset=\u00bbvc_hidden-lg vc_hidden-md vc_hidden-sm\u00bb][vc_column_text]<strong>Miguel Angel Mart\u00ednez<\/strong><\/p>\n<div>\n<div><span lang=\"EN-US\">Senior Advisor Asuntos Regulatorios<\/span><\/div>\n<\/div>\n<p>&nbsp;<\/p>\n<div>\n<p>Abogado de la UBA (Universidad Nacional de Buenos Aires). Master en Comunicaci\u00f3n Institucional de la PUSC (Pontificia Universit\u00e0 della Santa Croce, Roma, Italia). Socio, director y fundador de la Consultora en Comunicaci\u00f3n y Asuntos P\u00fablicos Infomedia Consulting, con m\u00e1s de 15 a\u00f1os de historia, cientos de clientes atendidos en este tiempo: empresas multinacionales y nacionales de todos los sectores de actividad. Experto en estrategia y negociaci\u00f3n empresaria y pol\u00edtica.<\/p>\n<p>Presidente del Directorio de Urbanizaciones Rurales S.A. Profesor en el MBA de la UTDT (Universidad Torcuato Di Tella) de la materia \u201cCrisis Management y Media Relations\u201d. Prestador de Servicios Docentes en la UNLA (Universidad Nacional de Lan\u00fas) en el Departamento de Desarrollo Productivo,<\/p>\n<p>Doctorado en Comunicaci\u00f3n Institucional de la PUSC (Pontificia Universit\u00e0 della Santa Croce, Roma, Italia) (2020).<\/p>\n<p>&nbsp;<\/p>\n<\/div>\n<p><a href=\"https:\/\/www.m2comunicaciones.cl\/#somos\">VOLVER<\/a>[\/vc_column_text][vc_empty_space height=\u00bb70px\u00bb][\/vc_column][\/vc_row][vc_row css_animation=\u00bb\u00bb row_type=\u00bbrow\u00bb use_row_as_full_screen_section=\u00bbno\u00bb type=\u00bbfull_width\u00bb in_content_menu=\u00bbin_content_menu\u00bb content_menu_icon=\u00bb\u00bb angled_section=\u00bbno\u00bb text_align=\u00bbleft\u00bb background_image_as_pattern=\u00bbwithout_pattern\u00bb css=\u00bb.vc_custom_1603141828361{background-image: url(https:\/\/www.m2comunicaciones.cl\/wp-content\/uploads\/2020\/10\/sand-05c.gif?id=72) !important;}\u00bb background_image=\u00bb73&#8243; z_index=\u00bb\u00bb][vc_column offset=\u00bbvc_hidden-xs\u00bb][vc_single_image image=\u00bb73&#8243; img_size=\u00bbfull\u00bb qode_css_animation=\u00bb\u00bb][\/vc_column][\/vc_row][vc_row css_animation=\u00bb\u00bb row_type=\u00bbrow\u00bb use_row_as_full_screen_section=\u00bbno\u00bb type=\u00bbgrid\u00bb angled_section=\u00bbno\u00bb text_align=\u00bbleft\u00bb background_image_as_pattern=\u00bbwithout_pattern\u00bb z_index=\u00bb\u00bb css=\u00bb.vc_custom_1603833359394{background-color: #efefef !important;}\u00bb el_id=\u00bbcontacto\u00bb][vc_column width=\u00bb1\/2&#8243; offset=\u00bbvc_hidden-xs\u00bb][vc_empty_space height=\u00bb100px\u00bb][vc_single_image image=\u00bb78&#8243; img_size=\u00bb400X500&#8243; qode_css_animation=\u00bb\u00bb][vc_empty_space height=\u00bb100px\u00bb][\/vc_column][vc_column width=\u00bb1\/2&#8243; offset=\u00bbvc_hidden-xs\u00bb][vc_empty_space height=\u00bb100px\u00bb][vc_column_text]<\/p>\n<p class=\"Cuerpo\">CONTACTO<\/p>\n<p>[\/vc_column_text][vc_empty_space][vc_column_text]<\/p>\n<div>\n<p class=\"Cuerpo\"><div role=\"form\" class=\"wpcf7\" id=\"wpcf7-f27-o1\" lang=\"es-ES\" dir=\"ltr\">\n<div class=\"screen-reader-response\"><p role=\"status\" aria-live=\"polite\" aria-atomic=\"true\"><\/p> <ul><\/ul><\/div>\n<form action=\"\/index.php\/wp-json\/wp\/v2\/pages\/120#wpcf7-f27-o1\" method=\"post\" class=\"wpcf7-form init\" novalidate=\"novalidate\" data-status=\"init\">\n<div style=\"display: none;\">\n<input type=\"hidden\" name=\"_wpcf7\" value=\"27\" \/>\n<input type=\"hidden\" name=\"_wpcf7_version\" value=\"5.3\" \/>\n<input type=\"hidden\" name=\"_wpcf7_locale\" value=\"es_ES\" \/>\n<input type=\"hidden\" name=\"_wpcf7_unit_tag\" value=\"wpcf7-f27-o1\" \/>\n<input type=\"hidden\" name=\"_wpcf7_container_post\" value=\"0\" \/>\n<input type=\"hidden\" name=\"_wpcf7_posted_data_hash\" value=\"\" \/>\n<\/div>\n<p><span class=\"wpcf7-form-control-wrap your-name\"><input type=\"text\" name=\"your-name\" value=\"\" size=\"40\" class=\"wpcf7-form-control wpcf7-text wpcf7-validates-as-required\" aria-required=\"true\" aria-invalid=\"false\" placeholder=\"Nombre\" \/><\/span> <\/p>\n<p>    <span class=\"wpcf7-form-control-wrap your-email\"><input type=\"email\" name=\"your-email\" value=\"\" size=\"40\" class=\"wpcf7-form-control wpcf7-text wpcf7-email wpcf7-validates-as-required wpcf7-validates-as-email\" aria-required=\"true\" aria-invalid=\"false\" placeholder=\"Mail\" \/><\/span> <\/p>\n<p>    <span class=\"wpcf7-form-control-wrap your-message\"><textarea name=\"your-message\" cols=\"40\" rows=\"10\" class=\"wpcf7-form-control wpcf7-textarea\" aria-invalid=\"false\" placeholder=\"Mensaje\"><\/textarea><\/span> <\/p>\n<p><input type=\"submit\" value=\"Enviar\" class=\"wpcf7-form-control wpcf7-submit\" \/><\/p>\n<div class=\"wpcf7-response-output\" aria-hidden=\"true\"><\/div><\/form><\/div>\n<\/div>\n<p>[\/vc_column_text][\/vc_column][\/vc_row]<\/p>\n","protected":false},"excerpt":{"rendered":"<p>[vc_row css_animation=\u00bb\u00bb row_type=\u00bbrow\u00bb use_row_as_full_screen_section=\u00bbno\u00bb type=\u00bbgrid\u00bb angled_section=\u00bbno\u00bb text_align=\u00bbleft\u00bb background_image_as_pattern=\u00bbwithout_pattern\u00bb z_index=\u00bb\u00bb css=\u00bb.vc_custom_1603834821871{background-color: #ffffff !important;}\u00bb][vc_column width=\u00bb1\/2&#8243; offset=\u00bbvc_hidden-xs\u00bb][vc_empty_space height=\u00bb170px\u00bb][vc_single_image image=\u00bb212&#8243; img_size=\u00bb400&#215;500&#8243; qode_css_animation=\u00bb\u00bb][vc_empty_space height=\u00bb100px\u00bb][\/vc_column][vc_column width=\u00bb1\/2&#8243; offset=\u00bbvc_hidden-xs\u00bb][vc_empty_space height=\u00bb230px\u00bb][vc_column_text]Miguel Angel Mart\u00ednez Senior Advisor Asuntos Regulatorios &nbsp; Abogado de la UBA (Universidad Nacional de Buenos Aires). Master en Comunicaci\u00f3n Institucional de la PUSC&#8230;<\/p>\n","protected":false},"author":1,"featured_media":0,"parent":31,"menu_order":0,"comment_status":"closed","ping_status":"closed","template":"full_width.php","meta":[],"_links":{"self":[{"href":"https:\/\/www.m2comunicaciones.cl\/index.php\/wp-json\/wp\/v2\/pages\/120"}],"collection":[{"href":"https:\/\/www.m2comunicaciones.cl\/index.php\/wp-json\/wp\/v2\/pages"}],"about":[{"href":"https:\/\/www.m2comunicaciones.cl\/index.php\/wp-json\/wp\/v2\/types\/page"}],"author":[{"embeddable":true,"href":"https:\/\/www.m2comunicaciones.cl\/index.php\/wp-json\/wp\/v2\/users\/1"}],"replies":[{"embeddable":true,"href":"https:\/\/www.m2comunicaciones.cl\/index.php\/wp-json\/wp\/v2\/comments?post=120"}],"version-history":[{"count":6,"href":"https:\/\/www.m2comunicaciones.cl\/index.php\/wp-json\/wp\/v2\/pages\/120\/revisions"}],"predecessor-version":[{"id":253,"href":"https:\/\/www.m2comunicaciones.cl\/index.php\/wp-json\/wp\/v2\/pages\/120\/revisions\/253"}],"up":[{"embeddable":true,"href":"https:\/\/www.m2comunicaciones.cl\/index.php\/wp-json\/wp\/v2\/pages\/31"}],"wp:attachment":[{"href":"https:\/\/www.m2comunicaciones.cl\/index.php\/wp-json\/wp\/v2\/media?parent=120"}],"curies":[{"name":"wp","href":"https:\/\/api.w.org\/{rel}","templated":true}]}}